{"id":2595,"date":"2023-03-15T16:06:45","date_gmt":"2023-03-15T13:06:45","guid":{"rendered":"https:\/\/bitesspeks.lv\/?post_type=product&#038;p=2595"},"modified":"2025-02-05T23:21:41","modified_gmt":"2025-02-05T20:21:41","slug":"bisu-maize-0-150-g","status":"publish","type":"product","link":"https:\/\/bitesspeks.lv\/ee\/shop\/medus-un-bisu-produkti\/bisu-produkti\/bisu-maize-0-150-g\/","title":{"rendered":"Mesileib 0,150 kg"},"content":{"rendered":"<p><strong>Koostis: <\/strong>Mesilase leib 100%<\/p>\n<p>Mesilased valmistavad \u00f5ietolmust ja nektarist mesilasleiba, s\u00fcstides seda rakkudesse, kus \u00f5ietolm k\u00e4\u00e4rib.<\/p>\n<p>Mesilaste leib inimeste tervisele:<br \/>\n- Mesilase leiba soovitatakse ennetava ravina mis tahes immuuns\u00fcsteemi tugevdamiseks;<br \/>\n- mesilaste leib sisaldab k\u00f5iki 28 aminohapet, sealhulgas 8 asendamatut aminohapet.<br \/>\n- Mesileib sisaldab suurel m\u00e4\u00e4ral omega-3 ja omega-6 k\u00fcllastumata rasvhappeid, mis on inimese n\u00e4rvirakkude normaalseks toimimiseks h\u00e4davajalikud;<br \/>\n- Mesileib aitab aneemia, neurooside, s\u00f6\u00f6giisu puudumise, k\u00f5hukinnisuse ja s\u00fcdame-veresoonkonna haiguste puhul;<br \/>\n- Sellega saab ravida ka maksatsirroosi, hepatiiti, koliiti, kaksteists\u00f5rmiksoole haavandeid ja meeste eesn\u00e4\u00e4rmehaigusi;<br \/>\n- see suurendab organismi vastupanuv\u00f5imet erinevatele infektsioonidele, muudab inimesed liikuvamaks, r\u00f5\u00f5msamaks ja kaitseb vananemise eest;<br \/>\n- sellel on tugevad skleroosivastased omadused ja seda v\u00f5ib kasutada t\u00f5husa vahendina organismi taastamiseks p\u00e4rast antibiootikumravi, kuna see taastab seedetrakti mikrofloora;<br \/>\n- see n\u00f5rgendab p\u00f5letikulisi protsesse ja tugevdab s\u00fcdamelihaseid;<br \/>\n- Mesileib parandab m\u00e4lu, soodustab m\u00f5tlemist;<br \/>\n- see aitab diabeetikutele (alandab plasma kolesterooli);<br \/>\n- see suurendab organismi vastupanuv\u00f5imet erinevatele infektsioonidele, muudab inimesed liikuvamaks, r\u00f5\u00f5msamaks ja kaitseb vananemise eest;<br \/>\n- Mesilaste leib ja \u00f5ietolm sisaldavad alfa- ja beetakaroteeni ning neid kasutatakse n\u00e4gemise parandamiseks;<br \/>\n- Mesileib parandab organismi kohanemisv\u00f5imet ja v\u00e4hendab v\u00e4simust.<\/p>\n<p>&nbsp;<\/p>","protected":false},"excerpt":{"rendered":"<p>Sast\u0101vs: Bi\u0161u maize 100% Bites bi\u0161u maizi gatavo no ziedputek\u0161\u0146iem un nekt\u0101ra, iepildot to \u0161\u016bn\u0101s, kur ziedputek\u0161\u0146i ferment\u0113jas. Bi\u0161u maize cilv\u0113ka vesel\u012bbai: \u2013 bi\u0161u maizi profilaktiski ir ieteicams lietot jebkuram im\u016bnsist\u0113mas nostiprin\u0101\u0161anai; \u2013 bi\u0161u maize satur visas 28 aminosk\u0101bes, tai skait\u0101 8 neaizvietojam\u0101s \u2013 bi\u0161u maize liel\u0101 daudzum\u0101 satur nepies\u0101tin\u0101t\u0101s tauksk\u0101bes omega- 3 un omega-6, [&hellip;]<\/p>","protected":false},"featured_media":2596,"comment_status":"open","ping_status":"closed","template":"","meta":{"site-sidebar-layout":"default","site-content-layout":"default","ast-site-content-layout":"","site-content-style":"default","site-sidebar-style":"default","ast-global-header-display":"","ast-banner-title-visibility":"","ast-main-header-display":"","ast-hfb-above-header-display":"","ast-hfb-below-header-display":"","ast-hfb-mobile-header-display":"","site-post-title":"","ast-breadcrumbs-content":"","ast-featured-img":"","footer-sml-layout":"","theme-transparent-header-meta":"","adv-header-id-meta":"","stick-header-meta":"","header-above-stick-meta":"","header-main-stick-meta":"","header-below-stick-meta":"","astra-migrate-meta-layouts":"default","ast-page-background-enabled":"default","ast-page-background-meta":{"desktop":{"background-color":"var(--ast-global-color-4)","background-image":"","background-repeat":"repeat","background-position":"center center","background-size":"auto","background-attachment":"scroll","background-type":"","background-media":"","overlay-type":"","overlay-color":"","overlay-opacity":"","overlay-gradient":""},"tablet":{"background-color":"","background-image":"","background-repeat":"repeat","background-position":"center center","background-size":"auto","background-attachment":"scroll","background-type":"","background-media":"","overlay-type":"","overlay-color":"","overlay-opacity":"","overlay-gradient":""},"mobile":{"background-color":"","background-image":"","background-repeat":"repeat","background-position":"center center","background-size":"auto","background-attachment":"scroll","background-type":"","background-media":"","overlay-type":"","overlay-color":"","overlay-opacity":"","overlay-gradient":""}},"ast-content-background-meta":{"desktop":{"background-color":"var(--ast-global-color-5)","background-image":"","background-repeat":"repeat","background-position":"center center","background-size":"auto","background-attachment":"scroll","background-type":"","background-media":"","overlay-type":"","overlay-color":"","overlay-opacity":"","overlay-gradient":""},"tablet":{"background-color":"var(--ast-global-color-5)","background-image":"","background-repeat":"repeat","background-position":"center center","background-size":"auto","background-attachment":"scroll","background-type":"","background-media":"","overlay-type":"","overlay-color":"","overlay-opacity":"","overlay-gradient":""},"mobile":{"background-color":"var(--ast-global-color-5)","background-image":"","background-repeat":"repeat","background-position":"center center","background-size":"auto","background-attachment":"scroll","background-type":"","background-media":"","overlay-type":"","overlay-color":"","overlay-opacity":"","overlay-gradient":""}}},"product_brand":[],"product_cat":[88],"product_tag":[79],"class_list":{"0":"post-2595","1":"product","2":"type-product","3":"status-publish","4":"has-post-thumbnail","6":"product_cat-bisu-produkti","7":"product_tag-bisu-maize","8":"align-left","9":"box-shadow-0","10":"box-shadow-0-hover","11":"ast-product-gallery-layout-horizontal","12":"ast-product-tabs-layout-horizontal","14":"first","15":"instock","16":"taxable","17":"shipping-taxable","18":"purchasable","19":"product-type-variable"},"yoast_head":"<!-- This site is optimized with the Yoast SEO plugin v21.5 - https:\/\/yoast.com\/wordpress\/plugins\/seo\/ -->\n<title>Bi\u0161u maize 0.150 kg - bitessp\u0113ks.lv<\/title>\n<meta name=\"description\" content=\"Bi\u0161u maize 0.150 g\" \/>\n<meta name=\"robots\" content=\"index, follow, max-snippet:-1, max-image-preview:large, max-video-preview:-1\" \/>\n<link rel=\"canonical\" href=\"https:\/\/bitesspeks.lv\/ee\/shop\/medus-un-bisu-produkti\/bisu-produkti\/bisu-maize-0-150-g\/\" \/>\n<meta property=\"og:locale\" content=\"et_EE\" \/>\n<meta property=\"og:type\" content=\"article\" \/>\n<meta property=\"og:title\" content=\"Bi\u0161u maize 0.150 kg - bitessp\u0113ks.lv\" \/>\n<meta property=\"og:description\" content=\"Bi\u0161u maize 0.150 g\" \/>\n<meta property=\"og:url\" content=\"https:\/\/bitesspeks.lv\/ee\/shop\/medus-un-bisu-produkti\/bisu-produkti\/bisu-maize-0-150-g\/\" \/>\n<meta property=\"og:site_name\" content=\"bitessp\u0113ks.lv\" \/>\n<meta property=\"article:modified_time\" content=\"2025-02-05T20:21:41+00:00\" \/>\n<meta property=\"og:image\" content=\"https:\/\/bitesspeks.lv\/wp-content\/uploads\/2023\/03\/Bisu-maize.png\" \/>\n\t<meta property=\"og:image:width\" content=\"602\" \/>\n\t<meta property=\"og:image:height\" content=\"601\" \/>\n\t<meta property=\"og:image:type\" content=\"image\/png\" \/>\n<meta name=\"twitter:card\" content=\"summary_large_image\" \/>\n<meta name=\"twitter:label1\" content=\"Est. reading time\" \/>\n\t<meta name=\"twitter:data1\" content=\"2 minutit\" \/>\n<script type=\"application\/ld+json\" class=\"yoast-schema-graph\">{\"@context\":\"https:\/\/schema.org\",\"@graph\":[{\"@type\":\"WebPage\",\"@id\":\"https:\/\/bitesspeks.lv\/shop\/medus-un-bisu-produkti\/bisu-produkti\/bisu-maize-0-150-g\/\",\"url\":\"https:\/\/bitesspeks.lv\/shop\/medus-un-bisu-produkti\/bisu-produkti\/bisu-maize-0-150-g\/\",\"name\":\"Bi\u0161u maize 0.150 kg - bitessp\u0113ks.lv\",\"isPartOf\":{\"@id\":\"https:\/\/bitesspeks.lv\/#website\"},\"datePublished\":\"2023-03-15T13:06:45+00:00\",\"dateModified\":\"2025-02-05T20:21:41+00:00\",\"description\":\"Bi\u0161u maize 0.150 g\",\"breadcrumb\":{\"@id\":\"https:\/\/bitesspeks.lv\/shop\/medus-un-bisu-produkti\/bisu-produkti\/bisu-maize-0-150-g\/#breadcrumb\"},\"inLanguage\":\"et\",\"potentialAction\":[{\"@type\":\"ReadAction\",\"target\":[\"https:\/\/bitesspeks.lv\/shop\/medus-un-bisu-produkti\/bisu-produkti\/bisu-maize-0-150-g\/\"]}]},{\"@type\":\"BreadcrumbList\",\"@id\":\"https:\/\/bitesspeks.lv\/shop\/medus-un-bisu-produkti\/bisu-produkti\/bisu-maize-0-150-g\/#breadcrumb\",\"itemListElement\":[{\"@type\":\"ListItem\",\"position\":1,\"name\":\"Veikals\",\"item\":\"https:\/\/bitesspeks.lv\/\"},{\"@type\":\"ListItem\",\"position\":2,\"name\":\"VEIKALS\",\"item\":\"https:\/\/bitesspeks.lv\/shop\/\"},{\"@type\":\"ListItem\",\"position\":3,\"name\":\"Bi\u0161u maize 0.150 kg\"}]},{\"@type\":\"WebSite\",\"@id\":\"https:\/\/bitesspeks.lv\/#website\",\"url\":\"https:\/\/bitesspeks.lv\/\",\"name\":\"bitessp\u0113ks.lv\",\"description\":\"Just another WordPress site\",\"publisher\":{\"@id\":\"https:\/\/bitesspeks.lv\/#organization\"},\"potentialAction\":[{\"@type\":\"SearchAction\",\"target\":{\"@type\":\"EntryPoint\",\"urlTemplate\":\"https:\/\/bitesspeks.lv\/?s={search_term_string}\"},\"query-input\":\"required name=search_term_string\"}],\"inLanguage\":\"et\"},{\"@type\":\"Organization\",\"@id\":\"https:\/\/bitesspeks.lv\/#organization\",\"name\":\"bitessp\u0113ks.lv\",\"url\":\"https:\/\/bitesspeks.lv\/\",\"logo\":{\"@type\":\"ImageObject\",\"inLanguage\":\"et\",\"@id\":\"https:\/\/bitesspeks.lv\/#\/schema\/logo\/image\/\",\"url\":\"https:\/\/bitesspeks.lv\/wp-content\/uploads\/2022\/02\/jaunslogo2.png\",\"contentUrl\":\"https:\/\/bitesspeks.lv\/wp-content\/uploads\/2022\/02\/jaunslogo2.png\",\"width\":276,\"height\":278,\"caption\":\"bitessp\u0113ks.lv\"},\"image\":{\"@id\":\"https:\/\/bitesspeks.lv\/#\/schema\/logo\/image\/\"}}]}<\/script>\n<!-- \/ Yoast SEO plugin. -->","yoast_head_json":{"title":"Bi\u0161u maize 0.150 kg - bitessp\u0113ks.lv","description":"Bi\u0161u maize 0.150 g","robots":{"index":"index","follow":"follow","max-snippet":"max-snippet:-1","max-image-preview":"max-image-preview:large","max-video-preview":"max-video-preview:-1"},"canonical":"https:\/\/bitesspeks.lv\/ee\/shop\/medus-un-bisu-produkti\/bisu-produkti\/bisu-maize-0-150-g\/","og_locale":"et_EE","og_type":"article","og_title":"Bi\u0161u maize 0.150 kg - bitessp\u0113ks.lv","og_description":"Bi\u0161u maize 0.150 g","og_url":"https:\/\/bitesspeks.lv\/ee\/shop\/medus-un-bisu-produkti\/bisu-produkti\/bisu-maize-0-150-g\/","og_site_name":"bitessp\u0113ks.lv","article_modified_time":"2025-02-05T20:21:41+00:00","og_image":[{"width":602,"height":601,"url":"https:\/\/bitesspeks.lv\/wp-content\/uploads\/2023\/03\/Bisu-maize.png","type":"image\/png"}],"twitter_card":"summary_large_image","twitter_misc":{"Est. reading time":"2 minutit"},"schema":{"@context":"https:\/\/schema.org","@graph":[{"@type":"WebPage","@id":"https:\/\/bitesspeks.lv\/shop\/medus-un-bisu-produkti\/bisu-produkti\/bisu-maize-0-150-g\/","url":"https:\/\/bitesspeks.lv\/shop\/medus-un-bisu-produkti\/bisu-produkti\/bisu-maize-0-150-g\/","name":"Bi\u0161u maize 0.150 kg - bitessp\u0113ks.lv","isPartOf":{"@id":"https:\/\/bitesspeks.lv\/#website"},"datePublished":"2023-03-15T13:06:45+00:00","dateModified":"2025-02-05T20:21:41+00:00","description":"Bi\u0161u maize 0.150 g","breadcrumb":{"@id":"https:\/\/bitesspeks.lv\/shop\/medus-un-bisu-produkti\/bisu-produkti\/bisu-maize-0-150-g\/#breadcrumb"},"inLanguage":"et","potentialAction":[{"@type":"ReadAction","target":["https:\/\/bitesspeks.lv\/shop\/medus-un-bisu-produkti\/bisu-produkti\/bisu-maize-0-150-g\/"]}]},{"@type":"BreadcrumbList","@id":"https:\/\/bitesspeks.lv\/shop\/medus-un-bisu-produkti\/bisu-produkti\/bisu-maize-0-150-g\/#breadcrumb","itemListElement":[{"@type":"ListItem","position":1,"name":"Veikals","item":"https:\/\/bitesspeks.lv\/"},{"@type":"ListItem","position":2,"name":"VEIKALS","item":"https:\/\/bitesspeks.lv\/shop\/"},{"@type":"ListItem","position":3,"name":"Bi\u0161u maize 0.150 kg"}]},{"@type":"WebSite","@id":"https:\/\/bitesspeks.lv\/#website","url":"https:\/\/bitesspeks.lv\/","name":"beeforce.lv","description":"Just another WordPress site","publisher":{"@id":"https:\/\/bitesspeks.lv\/#organization"},"potentialAction":[{"@type":"SearchAction","target":{"@type":"EntryPoint","urlTemplate":"https:\/\/bitesspeks.lv\/?s={search_term_string}"},"query-input":"required name=search_term_string"}],"inLanguage":"et"},{"@type":"Organization","@id":"https:\/\/bitesspeks.lv\/#organization","name":"beeforce.lv","url":"https:\/\/bitesspeks.lv\/","logo":{"@type":"ImageObject","inLanguage":"et","@id":"https:\/\/bitesspeks.lv\/#\/schema\/logo\/image\/","url":"https:\/\/bitesspeks.lv\/wp-content\/uploads\/2022\/02\/jaunslogo2.png","contentUrl":"https:\/\/bitesspeks.lv\/wp-content\/uploads\/2022\/02\/jaunslogo2.png","width":276,"height":278,"caption":"bitessp\u0113ks.lv"},"image":{"@id":"https:\/\/bitesspeks.lv\/#\/schema\/logo\/image\/"}}]}},"_links":{"self":[{"href":"https:\/\/bitesspeks.lv\/ee\/wp-json\/wp\/v2\/product\/2595","targetHints":{"allow":["GET"]}}],"collection":[{"href":"https:\/\/bitesspeks.lv\/ee\/wp-json\/wp\/v2\/product"}],"about":[{"href":"https:\/\/bitesspeks.lv\/ee\/wp-json\/wp\/v2\/types\/product"}],"replies":[{"embeddable":true,"href":"https:\/\/bitesspeks.lv\/ee\/wp-json\/wp\/v2\/comments?post=2595"}],"version-history":[{"count":7,"href":"https:\/\/bitesspeks.lv\/ee\/wp-json\/wp\/v2\/product\/2595\/revisions"}],"predecessor-version":[{"id":3299,"href":"https:\/\/bitesspeks.lv\/ee\/wp-json\/wp\/v2\/product\/2595\/revisions\/3299"}],"wp:featuredmedia":[{"embeddable":true,"href":"https:\/\/bitesspeks.lv\/ee\/wp-json\/wp\/v2\/media\/2596"}],"wp:attachment":[{"href":"https:\/\/bitesspeks.lv\/ee\/wp-json\/wp\/v2\/media?parent=2595"}],"wp:term":[{"taxonomy":"product_brand","embeddable":true,"href":"https:\/\/bitesspeks.lv\/ee\/wp-json\/wp\/v2\/product_brand?post=2595"},{"taxonomy":"product_cat","embeddable":true,"href":"https:\/\/bitesspeks.lv\/ee\/wp-json\/wp\/v2\/product_cat?post=2595"},{"taxonomy":"product_tag","embeddable":true,"href":"https:\/\/bitesspeks.lv\/ee\/wp-json\/wp\/v2\/product_tag?post=2595"}],"curies":[{"name":"wp","href":"https:\/\/api.w.org\/{rel}","templated":true}]}}